{"id":58,"date":"2017-05-01T16:23:02","date_gmt":"2017-05-01T15:23:02","guid":{"rendered":"http:\/\/lvconsult.info\/test\/?page_id=58"},"modified":"2024-04-27T10:07:57","modified_gmt":"2024-04-27T09:07:57","slug":"reglement","status":"publish","type":"page","link":"https:\/\/brocante15aoutandenne.be\/index.php\/reglement\/","title":{"rendered":"R\u00e9glement"},"content":{"rendered":"<div id=\"content\">\n<p><strong><em>\u00a0<\/em><\/strong><\/p>\n<aside><center><b><i>Stand Accueil:<\/i><\/b><\/center><center>Rue Degotte<\/center><center>d\u00e8s 5h.<\/center><\/aside>\n<\/div>\n<p><center><\/center><center><strong><code><div class=\"agm-canvas\" id=\"agm-canvas\" style=\"margin: 0 auto; width:100%; height:300px;\"><\/div><\/code><\/strong><\/center><\/p>\n<div id=\"content\">\n<p><strong><em>En m\u2019inscrivant \u00e0 la Grande Brocante du 15 ao\u00fbt d&rsquo;Andenne, je lis et j\u2019accepte les conditions suivantes :<\/em><\/strong><\/p>\n<p><strong><em><u><div class=\"gca-column one-half first\"><\/u><\/em><\/strong><\/p>\n<ul>\n<li>La Grande Brocante du 15 ao\u00fbt \u00e0 Andenne est organis\u00e9e par le club de basket Andenne Basket asbl pour l\u2019exposition et la vente d\u2019articles anciens, d\u2019occasions ou de collections.<\/li>\n<li>La redevance communale (d\u00e9cid\u00e9e par le Conseil Communal d\u2019Andenne du 14 mars 2003) est pay\u00e9e \u00e0 l\u2019organisateur mais est revers\u00e9e ensuite \u00e0 l\u2019administration.<\/li>\n<li>L\u2019exposant est responsable de son stand pendant toute la dur\u00e9e de la manifestation. L\u2019organisateur ne peut, en aucun pr\u00e9texte \u00eatre tenu responsable de d\u00e9g\u00e2ts occasionn\u00e9s.<\/li>\n<li>L\u2019exposition et la vente sont organis\u00e9es suivant l\u2019horaire de 8h00 \u00e0 19h00. Les d\u00e9placements ou acc\u00e8s au stand avec un v\u00e9hicule pendant les heures d\u2019exposition sont interdits.<\/li>\n<li>Certaines contraintes sont impos\u00e9es lors du d\u00e9ballage et de l\u2019installation afin d\u2019en faciliter l\u2019organisation : les exposants doivent d\u00e9charger leur marchandise le plus vite possible et d\u00e9placer leur v\u00e9hicule pour ne pas g\u00eaner la circulation.<\/li>\n<li>L\u2019acc\u00e8s au parcours de la Brocante ne sera autoris\u00e9 qu\u2019aux exposants <strong><em>PORTEURS<\/em><\/strong> du justificatif ou carte d\u2019acc\u00e8s fournis par l\u2019organisateur. La cession d\u2019emplacement d\u2019un exposant \u00e0 un autre personne est strictement <strong><em>INTERDITE<\/em><\/strong>.<\/li>\n<\/ul>\n<p><strong><em><u><\/div>\n<div class=\"gca-column one-half\"><\/u><\/em><\/strong><\/p>\n<ul>\n<li>La vente de produits alimentaires et ou de boissons est strictement interdite sauf d\u00e9rogation sp\u00e9ciale. Les tombolas, les jeux et la vente itin\u00e9rante sont \u00e9galement interdits.<\/li>\n<li>Lors de l\u2019inscription, l\u2019exposant donne une description pr\u00e9cise des types d\u2019objets qui seront propos\u00e9s au public.<\/li>\n<li>La vente d\u2019objets \u00ab neufs \u00bb (m\u00eame pour les collections), non utilis\u00e9s, provenant de \u00ab\u00a0faillites\u00a0\u00bb, fins de s\u00e9ries ou autres marchandises de ce type est interdite.<\/li>\n<li>L\u2019organisateur peut pour toute infraction constat\u00e9e au pr\u00e9sent r\u00e8glement, exclure l\u2019exposant du parcours. Il peut exiger de remballer le mat\u00e9riel qui serait non conforme. De plus, l\u2019exposant marque son accord sur le fait que l\u2019organisateur se r\u00e9serve le droit de lui refuser toute participation \u00e0 une prochaine \u00e9dition de mal brocante du 15\/08 \u00e0 Andenne en cas d\u2019infraction constat\u00e9e.<\/li>\n<li>En cas d&rsquo;annulation <strong><em>apr\u00e8s le 15 juillet<\/em><\/strong>, sauf motif valable ou cas de force majeure, <em><strong>votre inscription ne sera pas<\/strong> <strong>rembours\u00e9e<\/strong><\/em><strong> !<\/strong><\/li>\n<li>L\u2019organisation ne peut \u00eatre tenue responsable en cas de perte ou de vol.<\/li>\n<li>Nous n\u2019acceptons aucun groupement\/mouvement d\u2019ordre religieux et\/ou spirituels.<\/li>\n<li>L\u2019inscription \u00e0 la Grande Brocante du 15 ao\u00fbt implique l\u2019acception et le respect total du pr\u00e9sent r\u00e8glement ainsi que des d\u00e9cisions prises par l\u2019organisation pour son application.<\/li>\n<\/ul>\n<p><strong><em><u><\/div><\/u><\/em><\/strong><\/p>\n<p>&nbsp;<\/p>\n<\/div>\n<div id=\"content\">\n<p>&nbsp;<\/p>\n<p><strong><em>\u00a0<\/em><\/strong><\/p>\n<\/div>\n<aside><\/aside>\n<div class=\"clear\"><\/div>\n","protected":false},"excerpt":{"rendered":"<p>\u00a0 Stand Accueil:Rue Degotted\u00e8s 5h. En m\u2019inscrivant \u00e0 la Grande Brocante du 15 ao\u00fbt d&rsquo;Andenne, je lis et j\u2019accepte les conditions suivantes : &nbsp; &nbsp; \u00a0<\/p>\n","protected":false},"author":1,"featured_media":0,"parent":0,"menu_order":0,"comment_status":"closed","ping_status":"closed","template":"","meta":{"footnotes":""},"class_list":["post-58","page","type-page","status-publish","hentry"],"_links":{"self":[{"href":"https:\/\/brocante15aoutandenne.be\/index.php\/wp-json\/wp\/v2\/pages\/58","targetHints":{"allow":["GET"]}}],"collection":[{"href":"https:\/\/brocante15aoutandenne.be\/index.php\/wp-json\/wp\/v2\/pages"}],"about":[{"href":"https:\/\/brocante15aoutandenne.be\/index.php\/wp-json\/wp\/v2\/types\/page"}],"author":[{"embeddable":true,"href":"https:\/\/brocante15aoutandenne.be\/index.php\/wp-json\/wp\/v2\/users\/1"}],"replies":[{"embeddable":true,"href":"https:\/\/brocante15aoutandenne.be\/index.php\/wp-json\/wp\/v2\/comments?post=58"}],"version-history":[{"count":19,"href":"https:\/\/brocante15aoutandenne.be\/index.php\/wp-json\/wp\/v2\/pages\/58\/revisions"}],"predecessor-version":[{"id":1982,"href":"https:\/\/brocante15aoutandenne.be\/index.php\/wp-json\/wp\/v2\/pages\/58\/revisions\/1982"}],"wp:attachment":[{"href":"https:\/\/brocante15aoutandenne.be\/index.php\/wp-json\/wp\/v2\/media?parent=58"}],"curies":[{"name":"wp","href":"https:\/\/api.w.org\/{rel}","templated":true}]}}