{"id":28,"date":"2017-05-01T16:07:04","date_gmt":"2017-05-01T15:07:04","guid":{"rendered":"http:\/\/lvconsult.info\/test\/?page_id=28"},"modified":"2026-05-04T18:33:33","modified_gmt":"2026-05-04T17:33:33","slug":"brocante-du-15-aout-a-andenne","status":"publish","type":"page","link":"https:\/\/brocante15aoutandenne.be\/","title":{"rendered":"36i\u00e8me brocante du 15 ao\u00fbt"},"content":{"rendered":"<p><img loading=\"lazy\" decoding=\"async\" class=\"size-medium wp-image-14 alignleft\" src=\"http:\/\/lvconsult.info\/test\/wp-content\/uploads\/2017\/05\/004-300x199.jpg\" alt=\"\" width=\"300\" height=\"199\" srcset=\"https:\/\/brocante15aoutandenne.be\/wp-content\/uploads\/2017\/05\/004-300x199.jpg 300w, https:\/\/brocante15aoutandenne.be\/wp-content\/uploads\/2017\/05\/004-768x509.jpg 768w, https:\/\/brocante15aoutandenne.be\/wp-content\/uploads\/2017\/05\/004.jpg 1024w\" sizes=\"auto, (max-width: 300px) 100vw, 300px\" \/>Brocanteurs professionnels ou priv\u00e9s, antiquaires, collectionneurs, monsieur et madame tout le monde, voici notre 36i\u00e8me brocante du 15 ao\u00fbt \u00e0 Andenne!<\/p>\n<p><em>Comme les autres ann\u00e9es, nous serons exigeant au niveau des r\u00e9servations c&rsquo;est \u00e0 dire :<\/em><\/p>\n<p><strong><span style=\"color: #ff0000;\"><em>La r\u00e9servation est obligatoir<span style=\"color: #ff0000;\">e<\/span>, <\/em><\/span><\/strong><strong><span style=\"color: #ff0000;\"><em>celle-ci ne sera effective qu&rsquo;apr\u00e8s r\u00e9ception du paiement <\/em><\/span><\/strong><strong><span style=\"color: #ff0000;\"><em>sur notre compte BNP Paribas Fortis BE12 2400 1503 4192 <\/em><\/span><\/strong><strong><span style=\"color: #ff0000;\"><em>et renvoi du formulaire d&rsquo;inscription.<\/em><\/span><\/strong><\/p>\n<p><em><strong><span style=\"color: #ff0000;\">Les emplacements auront des longueurs minimales de 4 m \u00e0 5,00 \u20ac\/m (soit 20,00 \u20ac pour 4 m\u00e8tres), les m\u00e8tres suppl\u00e9mentaires sont au prix de 4,50 \u20ac du m\u00e8tre.<br \/>\n<\/span><\/strong><\/em><\/p>\n<p><em><strong><span style=\"color: #ff0000;\">Il ne sera pas possible de demander un emplacement le jour m\u00eame de la brocante !<\/span><\/strong><\/em><\/p>\n<p>Un courrier vous sera envoy\u00e9 avec les derniers d\u00e9tails.<\/p>\n<p>Aucun paiement en esp\u00e8ce ne sera accept\u00e9 avant ou le jour de la brocante.<\/p>\n<p><em>Remarque : les professionnels ayant un num\u00e9ro de T.V.A. sont tenus de le pr\u00e9ciser.<\/em><\/p>\n","protected":false},"excerpt":{"rendered":"<p>Brocanteurs professionnels ou priv\u00e9s, antiquaires, collectionneurs, monsieur et madame tout le monde, voici notre 36i\u00e8me brocante du 15 ao\u00fbt \u00e0 Andenne! Comme les autres ann\u00e9es, nous serons exigeant au niveau des r\u00e9servations c&rsquo;est \u00e0 dire : La r\u00e9servation est obligatoire,<\/p>\n","protected":false},"author":1,"featured_media":21,"parent":0,"menu_order":0,"comment_status":"closed","ping_status":"closed","template":"","meta":{"footnotes":""},"class_list":["post-28","page","type-page","status-publish","has-post-thumbnail","hentry"],"_links":{"self":[{"href":"https:\/\/brocante15aoutandenne.be\/index.php\/wp-json\/wp\/v2\/pages\/28","targetHints":{"allow":["GET"]}}],"collection":[{"href":"https:\/\/brocante15aoutandenne.be\/index.php\/wp-json\/wp\/v2\/pages"}],"about":[{"href":"https:\/\/brocante15aoutandenne.be\/index.php\/wp-json\/wp\/v2\/types\/page"}],"author":[{"embeddable":true,"href":"https:\/\/brocante15aoutandenne.be\/index.php\/wp-json\/wp\/v2\/users\/1"}],"replies":[{"embeddable":true,"href":"https:\/\/brocante15aoutandenne.be\/index.php\/wp-json\/wp\/v2\/comments?post=28"}],"version-history":[{"count":55,"href":"https:\/\/brocante15aoutandenne.be\/index.php\/wp-json\/wp\/v2\/pages\/28\/revisions"}],"predecessor-version":[{"id":2638,"href":"https:\/\/brocante15aoutandenne.be\/index.php\/wp-json\/wp\/v2\/pages\/28\/revisions\/2638"}],"wp:featuredmedia":[{"embeddable":true,"href":"https:\/\/brocante15aoutandenne.be\/index.php\/wp-json\/wp\/v2\/media\/21"}],"wp:attachment":[{"href":"https:\/\/brocante15aoutandenne.be\/index.php\/wp-json\/wp\/v2\/media?parent=28"}],"curies":[{"name":"wp","href":"https:\/\/api.w.org\/{rel}","templated":true}]}}